{"id":967,"date":"2023-04-13T09:25:19","date_gmt":"2023-04-13T09:25:19","guid":{"rendered":"https:\/\/daisy-projekt.eu\/?page_id=967"},"modified":"2023-09-29T14:01:16","modified_gmt":"2023-09-29T14:01:16","slug":"home-de","status":"publish","type":"page","link":"https:\/\/wp.daisy-projekt.eu\/","title":{"rendered":"Home"},"content":{"rendered":"<div data-label=\"Hintergrund\" data-id=\"content--1\" data-export-id=\"content-12\" data-category=\"content\" class=\"content-12 content-section content-section-spacing\" id=\"hintergrund\" style=\"background-color: #ffffff; background-image: none;\">\r\n<div class=\"\">\r\n<div class=\"row text-center\">\r\n<div class=\"section-title-col\" data-type=\"column\">\r\n<h2 class=\"\">Hintergrund<\/h2>\r\n<p class=\"lead\">Das heutige Gesundheitsversorgungssystem gewinnt stetig an Komplexit\u00e4t. Immer mehr medizinische Fachbereiche sind an der Diagnostik, den Behandlungen sowie der Nachsorge von Patienten*innen beteiligt und die Zahl der verf\u00fcgbaren Behandlungsm\u00f6glichkeiten nimmt rapide zu. Insbesondere bei psychischen Erkrankungen ist das Behandlungsangebot jedoch weiterhin unzureichend. Nicht nur w\u00e4hrend der Corona-Pandemie, sondern auch bereits in den Jahren zuvor, haben psychische Erkrankungen erheblich zugenommen. In Deutschland z\u00e4hlt die Depression hinsichtlich ihrer Auswirkungen zu den stark untersch\u00e4tzten psychischen Erkrankungen. So erkranken in Deutschland insgesamt 8,2% aller Erwachsenen im Laufe eines Jahres an einer unipolaren oder anhaltenden depressiven St\u00f6rung. Ber\u00fccksichtigt man nicht nur die direkten Diagnostik- und Behandlungskosten, sondern auch sekund\u00e4re Folgekosten (z. B. Produktivit\u00e4tsverluste aufgrund von Arbeitsunf\u00e4higkeit oder Fr\u00fchberentung), werden die j\u00e4hrlichen Gesamtkosten der Depression allein in Deutschland auf mindestens 22 Milliarden Euro gesch\u00e4tzt, wobei Produktivit\u00e4tsverluste hierbei den gr\u00f6\u00dften Anteil ausmachen. Daher ist die Behandlung von Depressionen nicht nur wichtig, um individuelles Leiden zu verringern, sondern auch um volkswirtschaftliche Sch\u00e4den abzuwenden. Hierzu m\u00fcssen neue, KI-basierte Wege gefunden werden, um die Behandlung f\u00fcr die Betroffenen effizienter zu gestalten und die enormen Gesundheitsausgaben zu reduzieren.<\/p>\r\n\r\n<\/div>\r\n<\/div>\r\n<div class=\"row center-xs middle-xs\">\r\n<div class=\"col-sm-9\" data-type=\"column\"><\/div>\r\n<\/div>\r\n<\/div>\r\n<\/div>\r\n<div data-label=\"Das Forschungsprojekt\" data-id=\"features--4\" data-export-id=\"features-16\" data-category=\"features\" class=\"features-16 content-section content-section-spacing\" id=\"das-forschungsprojekt\" style=\"background-color: #ffffff; background-image: none;\">\r\n<div class=\"\">\r\n<div class=\"row text-center\">\r\n<div class=\"section-title-col\" data-type=\"column\">\r\n<h2 class=\"\">Das Forschungsprojekt<\/h2>\r\n<p class=\"lead\">Das Ziel dieses Projekts ist die Entwicklung eines interaktiven, pers\u00f6nlichen und ganzheitlichen Avatar-gest\u00fctzten Therapiesystems zum Selbstmanagement bei depressiven Erkrankungen. Das System bestehend aus einer mobilen in-situ Unterst\u00fctzung, in Kombination mit einer immersiven ex-situ Nachbearbeitung von selbst erlebten Alltagssituationen, zum besseren Umgang mit der Symptomatik. Dabei werden mobil aufgezeichnete Faktoren wie z.B. k\u00f6rperliche Merkmale aber auch Ort und Kontext der Situation erfasst, um Nutzern eine passende Unterst\u00fctzung innerhalb der erlebten Situation in Form einer digitalen Gesundheitsanwendung zu erm\u00f6glichen. Hierzu wird die KI-gest\u00fctzte Gesundheitsanwendung auf aus der Psychotherapie bew\u00e4hrte Therapieelemente zur\u00fcckgreifen und diese zusammen mit den Tages-aktuell erhobenen Kontextdaten personalisiert-aufbereitet zur Verf\u00fcgung stellen.<\/p>\r\nGef\u00f6rdert wird das Projekt durch ITEA, der Projekttr\u00e4ger des deutschen Teilprojektes ist das Deutsches Zentrum f\u00fcr Luft- und Raumfahrt e.V. (DLR).\r\n\r\n<\/div>\r\n<\/div>\r\n<div class=\"row spaced-cols content-center-sm\" data-type=\"row\">\r\n<div class=\"space-bottom col-md-12 col-xs-12 col-sm-6 \">\r\n\r\n<img decoding=\"async\" class=\"face\" src=\"https:\/\/daisy-projekt.eu\/wp-content\/uploads\/logo_DLR-1.png\" title=\"logo_DLR (1)\" alt=\"\" \/>\r\n<div data-type=\"column\" class=\"col-padding-small col-padding-small-xs description-container\"><\/div>\r\n<\/div>\r\n<div class=\"space-bottom col-md-12 col-xs-12 col-sm-6 \">\r\n\r\n<a data-cp-link=\"1\" href=\"#\" target=\"_self\" rel=\"noopener\"><img decoding=\"async\" class=\"face\" src=\"https:\/\/daisy-projekt.eu\/wp-content\/uploads\/logo_ITEA4-25yrs_rgb-e1682346428260.png\" title=\"logo_ITEA4-25yrs_rgb\" alt=\"\" \/><\/a>\r\n<div data-type=\"column\" class=\"col-padding-small col-padding-small-xs description-container\"><\/div>\r\n<\/div>\r\n<\/div>\r\n<\/div>\r\n<\/div>\r\n<div data-label=\"Projektziel\" data-id=\"features--3\" data-export-id=\"features-13-card-bordered\" data-category=\"features\" class=\"features-13 content-section content-section-spacing\" id=\"projektziel\" style=\"background-color: #ffffff; background-image: none;\">\r\n<div class=\"gridContainer\">\r\n<div class=\"row text-center\">\r\n<div class=\"section-title-col\" data-type=\"column\">\r\n<h2 class=\"\">Projektziel<\/h2>\r\n<p class=\"lead\">Ziel dieses Projektes ist daher das Erforschen neuartiger, innovativer Therapiesysteme zur Verbesserung diagnostischer, interaktiver und individueller Ans\u00e4tze f\u00fcr Patienten*innen, die unter einer depressiven Erkrankung leiden. Dabei werden zwei Anwendungsf\u00e4lle verfolgt, die nachfolgend kurz vorgestellt werden:<\/p>\r\n\r\n<\/div>\r\n<\/div>\r\n<div class=\"row spaced-cols content-center-sm\" data-type=\"row\">\r\n<div class=\"col-md-12 col-sm-12 \">\r\n<div class=\"card bordered y-move\" data-type=\"column\">\r\n\r\n<i class=\"fa icon fa-codepen big round reverse color1\"><\/i>\r\n<h4 class=\"\">MULTIMODALES NEUROFEEDBACKSYSTEM<\/h4>\r\n<p class=\"\">Ziel dieses ambulanten Therapieverfahrens ist es, neuronale Reaktionen auf standardisierte Testumgebungen \u00fcber ein multimodales Neurofeedbacksystem zu erfassen und den Patienten*innen dieses als Feedback zu pr\u00e4sentieren. Dadurch sollen selbstregulierende Mechanismen des Gehirns aktiviert werden, um dysfunktionalen neuronalen Aktivit\u00e4tsmustern entgegen zu wirken. Die Merkmalsextraktion aus den aufgenommenen Daten ist eine hochanspruchsvolle Aufgabe, die im Rahmen dieses Projekts mit der Entwicklung von innovativen KI-basierten Algorithmen realisiert werden soll. Zus\u00e4tzlich soll das EEGbasierte Neurofeedbacksystem um eine fNIRS erweitert werden, um zu pr\u00fcfen, ob die Fusion der Sensordaten der beiden Systeme zu einer verbesserten Signalqualit\u00e4t f\u00fcr das Neurofeedback f\u00fchrt. EEG basierte Ans\u00e4tze zeigen eine gute temporale Aufl\u00f6sung, w\u00e4hrend fNIRS basierte Ans\u00e4tze ihre Vorteile in der lokalen Aufl\u00f6sung haben. Eine Kombination der Systeme k\u00f6nnte zu einer verbesserten Gesamtaufl\u00f6sung f\u00fchren.<\/p>\r\n\r\n<\/div>\r\n<\/div>\r\n<div class=\"col-md-12 col-sm-12 \">\r\n<div class=\"card bordered y-move\" data-type=\"column\">\r\n\r\n<i class=\"fa icon fa-codepen big round reverse color1\"><\/i>\r\n<h4 class=\"\">VIRTUELLER THERAPIEASSISTENT<\/h4>\r\n<p class=\"\">Ziel dieses Ansatzes ist eine kontinuierliche Unterst\u00fctzung der Patienten*innen im Alltag durch einen virtuellen Therapieassistenten. In Form einer digitalen Gesundheitsanwendung sammelt dieser Daten zum Erleben und Verhalten der Patienten*innen, wie z. B. Stimmungsparameter, Medikamenteneinnahmen, die Nutzung von Social Media, k\u00f6rperliche Aktivit\u00e4t, Vitalparameter oder Nutzungszeiten mobiler Endger\u00e4te. Durch die Anwendung von KI-basierten Verfahren sollen individuelle Verhaltens- und Stimmungsmuster erkannt und situationsad\u00e4quate Behandlungsma\u00dfnahmen abgeleitet werden. Durch die bessere und genauere Kenntnis \u00fcber den Zustand des Patienten werden so symptombasierte Neurofeedbackverfahren optimal genutzt und eingestellt werden k\u00f6nnen. Dar\u00fcber hinaus wird der Therapieassistent verschiedene \u2013 aus der klassischen Psychotherapie bew\u00e4hrte \u2013 Therapieelemente digital-aufbereitet und KI-assistiert zur Verf\u00fcgung stellen.<\/p>\r\n\r\n<\/div>\r\n<\/div>\r\n<\/div>\r\n<\/div>\r\n<\/div>\r\n<div data-label=\"Team\" data-id=\"team--1\" data-export-id=\"team-2\" data-category=\"team\" class=\"team-2 content-section content-section-spacing\" id=\"team\" style=\"background-color: #ffffff;\">\r\n<div class=\"gridContainer\">\r\n<div class=\"row text-center\">\r\n<div class=\"section-title-col\" data-type=\"column\">\r\n<h2 class=\"\">Team<\/h2>\r\n<\/div>\r\n<\/div>\r\n<div class=\"row spaced-cols content-center-sm\" data-type=\"row\">\r\n<div class=\"col-sm-6 col-md-4 \">\r\n<div class=\"card y-move no-padding bordered\">\r\n\r\n<img decoding=\"async\" class=\"face\" src=\"https:\/\/daisy-projekt.eu\/wp-content\/plugins\/mesmerize-companion\/theme-data\/mesmerize\/sections\/images\/team-2.jpg\" \/>\r\n<div data-type=\"column\" class=\"col-padding-small col-padding-small-xs description-container\">\r\n<h4 class=\"font-500\">Benjamin S. Storey<\/h4>\r\n<\/div>\r\n<\/div>\r\n<\/div>\r\n<div class=\"col-sm-6 col-md-4 \">\r\n<div class=\"card y-move no-padding bordered\">\r\n\r\n<img fetchpriority=\"high\" decoding=\"async\" src=\"http:\/\/daisy-projekt.eu\/wp-content\/uploads\/Johannes-Spalek-1.jpg\" alt=\"\" width=\"960\" height=\"960\" class=\"alignnone wp-image-1901 size-full\" style=\"margin-right: 0px; margin-left: 0px;\" srcset=\"http:\/\/wp.daisy-projekt.eu\/wp-content\/uploads\/Johannes-Spalek-1.jpg 960w, http:\/\/wp.daisy-projekt.eu\/wp-content\/uploads\/Johannes-Spalek-1-300x300.jpg 300w, http:\/\/wp.daisy-projekt.eu\/wp-content\/uploads\/Johannes-Spalek-1-150x150.jpg 150w, http:\/\/wp.daisy-projekt.eu\/wp-content\/uploads\/Johannes-Spalek-1-768x768.jpg 768w\" sizes=\"(max-width: 960px) 100vw, 960px\" \/>\r\n<div data-type=\"column\" class=\"col-padding-small col-padding-small-xs description-container\">\r\n<h4 class=\"font-500\">Johannes\u00a0Spallek<\/h4>\r\n<\/div>\r\n<\/div>\r\n<\/div>\r\n<div class=\"col-sm-6 col-md-4 \">\r\n<div class=\"card y-move no-padding bordered\">\r\n\r\n<img decoding=\"async\" class=\"face\" src=\"https:\/\/daisy-projekt.eu\/wp-content\/plugins\/mesmerize-companion\/theme-data\/mesmerize\/sections\/images\/team-2.jpg\" \/>\r\n<div data-type=\"column\" class=\"col-padding-small col-padding-small-xs description-container\">\r\n<h4 class=\"font-500\">Rainer Feinen<\/h4>\r\n<\/div>\r\n<\/div>\r\n<\/div>\r\n<div class=\"col-sm-6 col-md-4 \">\r\n<div class=\"card y-move no-padding bordered\">\r\n\r\n<img decoding=\"async\" class=\"face\" src=\"https:\/\/daisy-projekt.eu\/wp-content\/plugins\/mesmerize-companion\/theme-data\/mesmerize\/sections\/images\/team-2.jpg\" \/>\r\n<div data-type=\"column\" class=\"col-padding-small col-padding-small-xs description-container\">\r\n<h4 class=\"font-500\">Prof. Dr. Alexandra Philipsen<\/h4>\r\n<div class=\"social-icons-group\" data-type=\"group\"><a href=\"#\" target=\"_self\" data-reiki-hidden=\"true\" rel=\"noopener\"><i class=\"gray fa icon fa-facebook-square\"><\/i><\/a> <a href=\"#\" target=\"_self\" data-reiki-hidden=\"true\" rel=\"noopener\"><i class=\"gray fa icon fa-twitter-square\"><\/i><\/a> <a href=\"#\" target=\"_self\" data-reiki-hidden=\"true\" rel=\"noopener\"><i class=\"gray fa icon fa-linkedin-square\"><\/i><\/a> <a href=\"#\" target=\"_self\" data-reiki-hidden=\"true\" rel=\"noopener\"><i class=\"gray fa icon fa-google-plus-square\"><\/i><\/a><\/div>\r\n<\/div>\r\n<\/div>\r\n<\/div>\r\n<div class=\"col-sm-6 col-md-4 \">\r\n<div class=\"card y-move no-padding bordered\">\r\n\r\n<img decoding=\"async\" class=\"face\" src=\"https:\/\/daisy-projekt.eu\/wp-content\/plugins\/mesmerize-companion\/theme-data\/mesmerize\/sections\/images\/team-2.jpg\" \/>\r\n<div data-type=\"column\" class=\"col-padding-small col-padding-small-xs description-container\">\r\n<h4 class=\"font-500\">Prof. Dr.-Ing. Andreas Hein<\/h4>\r\n<div class=\"social-icons-group\" data-type=\"group\"><a href=\"#\" target=\"_self\" data-reiki-hidden=\"true\" rel=\"noopener\"><i class=\"gray fa icon fa-facebook-square\"><\/i><\/a> <a href=\"#\" target=\"_self\" data-reiki-hidden=\"true\" rel=\"noopener\"><i class=\"gray fa icon fa-twitter-square\"><\/i><\/a> <a href=\"#\" target=\"_self\" data-reiki-hidden=\"true\" rel=\"noopener\"><i class=\"gray fa icon fa-linkedin-square\"><\/i><\/a> <a href=\"#\" target=\"_self\" data-reiki-hidden=\"true\" rel=\"noopener\"><i class=\"gray fa icon fa-google-plus-square\"><\/i><\/a><\/div>\r\n<\/div>\r\n<\/div>\r\n<\/div>\r\n<div class=\"col-sm-6 col-md-4 \">\r\n<div class=\"card y-move no-padding bordered\">\r\n\r\n<img decoding=\"async\" class=\"face\" src=\"https:\/\/daisy-projekt.eu\/wp-content\/plugins\/mesmerize-companion\/theme-data\/mesmerize\/sections\/images\/team-2.jpg\" \/>\r\n<div data-type=\"column\" class=\"col-padding-small col-padding-small-xs description-container\">\r\n<h4 class=\"font-500\">Dr.-Ing. Frerk M\u00fcller-von Aschwege<\/h4>\r\n<\/div>\r\n<\/div>\r\n<\/div>\r\n<div class=\"col-sm-6 col-md-4 \">\r\n<div class=\"card y-move no-padding bordered\">\r\n\r\n<img decoding=\"async\" class=\"face\" src=\"https:\/\/daisy-projekt.eu\/wp-content\/plugins\/mesmerize-companion\/theme-data\/mesmerize\/sections\/images\/team-2.jpg\" \/>\r\n<div data-type=\"column\" class=\"col-padding-small col-padding-small-xs description-container\">\r\n<h4 class=\"font-500\">M.Sc. Patrick Elfert<\/h4>\r\n<div class=\"social-icons-group\" data-type=\"group\"><a href=\"#\" target=\"_self\" data-reiki-hidden=\"true\" rel=\"noopener\"><i class=\"gray fa icon fa-facebook-square\"><\/i><\/a> <a href=\"#\" target=\"_self\" data-reiki-hidden=\"true\" rel=\"noopener\"><i class=\"gray fa icon fa-twitter-square\"><\/i><\/a> <a href=\"#\" target=\"_self\" data-reiki-hidden=\"true\" rel=\"noopener\"><i class=\"gray fa icon fa-linkedin-square\"><\/i><\/a> <a href=\"#\" target=\"_self\" data-reiki-hidden=\"true\" rel=\"noopener\"><i class=\"gray fa icon fa-google-plus-square\"><\/i><\/a><\/div>\r\n<\/div>\r\n<\/div>\r\n<\/div>\r\n<div class=\"col-sm-6 col-md-4\">\r\n<div class=\"card y-move no-padding bordered\">\r\n\r\n<img decoding=\"async\" class=\"face\" src=\"https:\/\/daisy-projekt.eu\/wp-content\/plugins\/mesmerize-companion\/theme-data\/mesmerize\/sections\/images\/team-2.jpg\" \/>\r\n<div data-type=\"column\" class=\"col-padding-small col-padding-small-xs description-container\">\r\n<h4 class=\"font-500\">Dr. rer. nat. Franziska Klein<\/h4>\r\n<div class=\"social-icons-group\" data-type=\"group\"><a href=\"#\" target=\"_self\" data-reiki-hidden=\"true\" rel=\"noopener\"><i class=\"gray fa icon fa-facebook-square\"><\/i><\/a> <a href=\"#\" target=\"_self\" data-reiki-hidden=\"true\" rel=\"noopener\"><i class=\"gray fa icon fa-twitter-square\"><\/i><\/a> <a href=\"#\" target=\"_self\" data-reiki-hidden=\"true\" rel=\"noopener\"><i class=\"gray fa icon fa-linkedin-square\"><\/i><\/a> <a href=\"#\" target=\"_self\" data-reiki-hidden=\"true\" rel=\"noopener\"><i class=\"gray fa icon fa-google-plus-square\"><\/i><\/a><\/div>\r\n<\/div>\r\n<\/div>\r\n<\/div>\r\n<div class=\"col-sm-6 col-md-4\">\r\n<div class=\"card y-move no-padding bordered\">\r\n\r\n<img decoding=\"async\" class=\"face\" src=\"https:\/\/daisy-projekt.eu\/wp-content\/plugins\/mesmerize-companion\/theme-data\/mesmerize\/sections\/images\/team-2.jpg\" \/>\r\n<div data-type=\"column\" class=\"col-padding-small col-padding-small-xs description-container\">\r\n<h4 class=\"font-500\">B.Sc. Julien R\u00e4ker<\/h4>\r\n<div class=\"social-icons-group\" data-type=\"group\"><a href=\"#\" target=\"_self\" data-reiki-hidden=\"true\" rel=\"noopener\"><i class=\"gray fa icon fa-facebook-square\"><\/i><\/a> <a href=\"#\" target=\"_self\" data-reiki-hidden=\"true\" rel=\"noopener\"><i class=\"gray fa icon fa-twitter-square\"><\/i><\/a> <a href=\"#\" target=\"_self\" data-reiki-hidden=\"true\" rel=\"noopener\"><i class=\"gray fa icon fa-linkedin-square\"><\/i><\/a> <a href=\"#\" target=\"_self\" data-reiki-hidden=\"true\" rel=\"noopener\"><i class=\"gray fa icon fa-google-plus-square\"><\/i><\/a><\/div>\r\n<\/div>\r\n<\/div>\r\n<\/div>\r\n<\/div>\r\n<\/div>\r\n<\/div>\r\n<div data-label=\"Partners\" data-id=\"clients--1\" data-export-id=\"clients-4\" data-category=\"clients\" class=\"clients-4 content-section content-section-spacing-small\" id=\"partners\" style=\"background-color: #ffffff; background-image: none;\">\r\n<div class=\"gridContainer\">\r\n<div class=\"row\">\r\n<div data-type=\"column\" class=\"section-title-col\">\r\n<h2 class=\"font-700\">Partners<\/h2>\r\n<\/div>\r\n<\/div>\r\n<div data-type=\"row\" class=\"row spaced-cols middle-xs center-xs space-bottom padding-lr\">\r\n<div class=\"col-xs-6 col-sm-2 col-md-4\"><a data-cp-link=\"1\" href=\"https:\/\/ascora.de\" class=\"\" target=\"_self\" rel=\"noopener\"><img decoding=\"async\" src=\"https:\/\/daisy-projekt.eu\/wp-content\/uploads\/image-20230424-080834.png\" class=\"\" title=\"image-20230424-080834\" alt=\"\" \/><\/a><\/div>\r\n<div class=\"col-xs-6 col-sm-2 col-md-4\"><a data-cp-link=\"1\" href=\"https:\/\/www.beemedic.com\/bee-medic-technologies-in-mental-health.aspx\" class=\"\" target=\"_self\" rel=\"noopener\"><img decoding=\"async\" src=\"https:\/\/daisy-projekt.eu\/wp-content\/uploads\/image-20230424-080841.png\" class=\"\" title=\"image-20230424-080841\" alt=\"\" \/><\/a><\/div>\r\n<div class=\"col-xs-6 col-sm-2 col-md-4\"><a data-cp-link=\"1\" href=\"https:\/\/www.materna.de\/DE\/Home\/home_node.html\" class=\"\" target=\"_self\" rel=\"noopener\"><img decoding=\"async\" src=\"https:\/\/daisy-projekt.eu\/wp-content\/uploads\/image-20230424-080848.png\" class=\"\" title=\"image-20230424-080848\" alt=\"\" \/><\/a><\/div>\r\n<div class=\"col-xs-6 col-sm-2 col-md-4\"><a data-cp-link=\"1\" href=\"https:\/\/www.ukbonn.de\" class=\"\" target=\"_self\" rel=\"noopener\"><img decoding=\"async\" src=\"https:\/\/daisy-projekt.eu\/wp-content\/uploads\/image-20230424-080854.png\" class=\"\" title=\"image-20230424-080854\" alt=\"\" \/><\/a><\/div>\r\n<div class=\"col-xs-6 col-sm-2 col-md-4\"><a data-cp-link=\"1\" href=\"https:\/\/www.offis.de\" class=\"\" target=\"_self\" rel=\"noopener\"><img decoding=\"async\" src=\"https:\/\/daisy-projekt.eu\/wp-content\/uploads\/image-20230424-080858.png\" class=\"\" title=\"image-20230424-080858\" alt=\"\" \/><\/a><\/div>\r\n<\/div>\r\n<\/div>\r\n<\/div>\r\n<div data-label=\"Kontakt\" data-id=\"contact--1\" data-export-id=\"contact-1\" data-category=\"contact\" class=\"contact-1 content-section content-section-spacing white-text\" data-parallax-depth=\"20\" id=\"kontakt\" style=\"background-color: #f5fafd;\">\r\n<div class=\"gridContainer\">\r\n<div class=\"row text-center\">\r\n<div class=\"section-title-col\" data-type=\"column\">\r\n<h2 class=\"\">JETZT KONTAKT AUFNEHMEN<\/h2>\r\n<p class=\"lead\">Wir beantworten gerne Ihre Fragen.<\/p>\r\n\r\n<\/div>\r\n<\/div>\r\n<div class=\"row text-center\">\r\n<div class=\"col-xs-12 col-sm-8 col-sm-offset-2 contact-form-wrapper inline-info\">\r\n<div class=\"card large-padding\">\r\n<div class=\"\" data-content-shortcode=\"mesmerize_contact_form shortcode=&quot;wpforms id=&amp;amp;quot;1705&amp;amp;quot;&quot;\" data-editable=\"true\"><div class=\"wpforms-container wpforms-container-full\" id=\"wpforms-1705\"><form id=\"wpforms-form-1705\" class=\"wpforms-validate wpforms-form wpforms-ajax-form\" data-formid=\"1705\" method=\"post\" enctype=\"multipart\/form-data\" action=\"\/index.php?rest_route=%2Fwp%2Fv2%2Fpages%2F967\" data-token=\"3fd1e94cc95753cc5cf4f33d56e38a22\" data-token-time=\"1775349540\"><noscript class=\"wpforms-error-noscript\">Please enable JavaScript in your browser to complete this form.<\/noscript><div class=\"wpforms-field-container\"><div id=\"wpforms-1705-field_0-container\" class=\"wpforms-field wpforms-field-name\" data-field-id=\"0\"><label class=\"wpforms-field-label\" for=\"wpforms-1705-field_0\">Name <span class=\"wpforms-required-label\">*<\/span><\/label><div class=\"wpforms-field-row wpforms-field-medium\"><div class=\"wpforms-field-row-block wpforms-first wpforms-one-half\"><input type=\"text\" id=\"wpforms-1705-field_0\" class=\"wpforms-field-name-first wpforms-field-required\" name=\"wpforms[fields][0][first]\" placeholder=\"Vorname\" required><label for=\"wpforms-1705-field_0\" class=\"wpforms-field-sublabel after wpforms-sublabel-hide\">First<\/label><\/div><div class=\"wpforms-field-row-block wpforms-one-half\"><input type=\"text\" id=\"wpforms-1705-field_0-last\" class=\"wpforms-field-name-last wpforms-field-required\" name=\"wpforms[fields][0][last]\" placeholder=\"Nachname\" required><label for=\"wpforms-1705-field_0-last\" class=\"wpforms-field-sublabel after wpforms-sublabel-hide\">Last<\/label><\/div><\/div><\/div><div id=\"wpforms-1705-field_1-container\" class=\"wpforms-field wpforms-field-email\" data-field-id=\"1\"><label class=\"wpforms-field-label\" for=\"wpforms-1705-field_1\">Email <span class=\"wpforms-required-label\">*<\/span><\/label><input type=\"email\" id=\"wpforms-1705-field_1\" class=\"wpforms-field-medium wpforms-field-required\" name=\"wpforms[fields][1]\" spellcheck=\"false\" required><\/div><div id=\"wpforms-1705-field_3-container\" class=\"wpforms-field wpforms-field-select wpforms-field-select-style-classic\" data-field-id=\"3\"><label class=\"wpforms-field-label\" for=\"wpforms-1705-field_3\">Grund der Kontaktaufnahme<\/label><select id=\"wpforms-1705-field_3\" class=\"wpforms-field-medium\" name=\"wpforms[fields][3]\"><option value=\"Ich w\u00fcrde mich gerne beteiligen\" >Ich w\u00fcrde mich gerne beteiligen<\/option><option value=\"Ich h\u00e4tte gerne weitere Informationen\" >Ich h\u00e4tte gerne weitere Informationen<\/option><option value=\"Sonstiges\" >Sonstiges<\/option><\/select><\/div><div id=\"wpforms-1705-field_2-container\" class=\"wpforms-field wpforms-field-textarea\" data-field-id=\"2\"><label class=\"wpforms-field-label\" for=\"wpforms-1705-field_2\">Kommentar oder Nachricht <span class=\"wpforms-required-label\">*<\/span><\/label><textarea id=\"wpforms-1705-field_2\" class=\"wpforms-field-medium wpforms-field-required\" name=\"wpforms[fields][2]\" required><\/textarea><\/div><\/div><!-- .wpforms-field-container --><div class=\"wpforms-submit-container\" ><input type=\"hidden\" name=\"wpforms[id]\" value=\"1705\"><input type=\"hidden\" name=\"page_title\" value=\"\"><input type=\"hidden\" name=\"page_url\" value=\"https:\/\/wp.daisy-projekt.eu\/index.php?rest_route=%2Fwp%2Fv2%2Fpages%2F967\"><button type=\"submit\" name=\"wpforms[submit]\" id=\"wpforms-submit-1705\" class=\"wpforms-submit\" data-alt-text=\"Sending...\" data-submit-text=\"Submit\" aria-live=\"assertive\" value=\"wpforms-submit\">Submit<\/button><img decoding=\"async\" src=\"https:\/\/wp.daisy-projekt.eu\/wp-content\/plugins\/wpforms-lite\/assets\/images\/submit-spin.svg\" class=\"wpforms-submit-spinner\" style=\"display: none;\" width=\"26\" height=\"26\" alt=\"Loading\"><\/div><\/form><\/div>  <!-- .wpforms-container --><\/div>\r\n<\/div>\r\n<\/div>\r\n<\/div>\r\n<\/div>\r\n<\/div>","protected":false},"excerpt":{"rendered":"<p>Hintergrund Das heutige Gesundheitsversorgungssystem gewinnt stetig an Komplexit\u00e4t. Immer mehr medizinische Fachbereiche sind an der Diagnostik, den Behandlungen sowie der Nachsorge von Patienten*innen beteiligt und die Zahl der verf\u00fcgbaren Behandlungsm\u00f6glichkeiten nimmt rapide zu. Insbesondere bei psychischen Erkrankungen ist das Behandlungsangebot jedoch weiterhin unzureichend. Nicht nur w\u00e4hrend der Corona-Pandemie, sondern auch bereits in den Jahren zuvor,&hellip; <br \/> <a class=\"read-more\" href=\"https:\/\/wp.daisy-projekt.eu\/\">Read more<\/a><\/p>\n","protected":false},"author":4,"featured_media":0,"parent":0,"menu_order":0,"comment_status":"closed","ping_status":"closed","template":"page-templates\/homepage.php","meta":{"footnotes":""},"class_list":["post-967","page","type-page","status-publish","hentry"],"_links":{"self":[{"href":"https:\/\/wp.daisy-projekt.eu\/index.php?rest_route=\/wp\/v2\/pages\/967","targetHints":{"allow":["GET"]}}],"collection":[{"href":"https:\/\/wp.daisy-projekt.eu\/index.php?rest_route=\/wp\/v2\/pages"}],"about":[{"href":"https:\/\/wp.daisy-projekt.eu\/index.php?rest_route=\/wp\/v2\/types\/page"}],"author":[{"embeddable":true,"href":"https:\/\/wp.daisy-projekt.eu\/index.php?rest_route=\/wp\/v2\/users\/4"}],"replies":[{"embeddable":true,"href":"https:\/\/wp.daisy-projekt.eu\/index.php?rest_route=%2Fwp%2Fv2%2Fcomments&post=967"}],"version-history":[{"count":47,"href":"https:\/\/wp.daisy-projekt.eu\/index.php?rest_route=\/wp\/v2\/pages\/967\/revisions"}],"predecessor-version":[{"id":1925,"href":"https:\/\/wp.daisy-projekt.eu\/index.php?rest_route=\/wp\/v2\/pages\/967\/revisions\/1925"}],"wp:attachment":[{"href":"https:\/\/wp.daisy-projekt.eu\/index.php?rest_route=%2Fwp%2Fv2%2Fmedia&parent=967"}],"curies":[{"name":"wp","href":"https:\/\/api.w.org\/{rel}","templated":true}]}}